{"id":558,"date":"2021-03-24T03:10:10","date_gmt":"2021-03-24T03:10:10","guid":{"rendered":"https:\/\/gaviaspreview.com\/wp\/zilom\/donor-dashboard\/"},"modified":"2021-11-04T21:23:36","modified_gmt":"2021-11-04T21:23:36","slug":"aviso-de-privacidad","status":"publish","type":"page","link":"https:\/\/www.cesigue.edu.mx\/guestalt\/aviso-de-privacidad\/","title":{"rendered":"Aviso de privacidad"},"content":{"rendered":"<div class=\"margin-top-80 margin-bottom-50\">\n<h4>CENTRO DE ESTUDIOS E INVESTIGACI\u00d3N GUEST\u00c1LTICOS, A.C. con domicilio en ESTANZUELA 10, FRAC. POMONA XALAPA, VERACRUZ 91040, M\u00e9xico, es responsable del tratamiento (uso) de sus datos personales.<br \/>\nSus datos personales ser\u00e1n utilizados para las siguientes finalidades:<br \/>\nBrindar servicios escolares-educativos, de capacitaci\u00f3n, entrenamiento y formaci\u00f3n continua solicitados. La creaci\u00f3n, estudio, an\u00e1lisis, actualizaci\u00f3n, y conservaci\u00f3n del expediente e historia acad\u00e9mica. Realizar estudios, registros, estad\u00edsticas y an\u00e1lisis de informaci\u00f3n escolar. Archivo de registros y expediente para seguimiento de servicios futuros.<br \/>\nUsted puede solicitar nuestro Aviso de Privacidad integral en: xalapa@cesigue.edu.mx<\/h4>\n<\/div>\n","protected":false},"excerpt":{"rendered":"<p>CENTRO DE ESTUDIOS E INVESTIGACI\u00d3N GUEST\u00c1LTICOS, A.C. con domicilio en ESTANZUELA 10, FRAC. POMONA XALAPA, VERACRUZ 91040, M\u00e9xico, es responsable del tratamiento (uso) de sus datos personales. Sus datos personales [&hellip;]<\/p>\n","protected":false},"author":1,"featured_media":0,"parent":0,"menu_order":0,"comment_status":"closed","ping_status":"closed","template":"","meta":{"footnotes":""},"class_list":["post-558","page","type-page","status-publish","hentry"],"aioseo_notices":[],"_links":{"self":[{"href":"https:\/\/www.cesigue.edu.mx\/guestalt\/wp-json\/wp\/v2\/pages\/558","targetHints":{"allow":["GET"]}}],"collection":[{"href":"https:\/\/www.cesigue.edu.mx\/guestalt\/wp-json\/wp\/v2\/pages"}],"about":[{"href":"https:\/\/www.cesigue.edu.mx\/guestalt\/wp-json\/wp\/v2\/types\/page"}],"author":[{"embeddable":true,"href":"https:\/\/www.cesigue.edu.mx\/guestalt\/wp-json\/wp\/v2\/users\/1"}],"replies":[{"embeddable":true,"href":"https:\/\/www.cesigue.edu.mx\/guestalt\/wp-json\/wp\/v2\/comments?post=558"}],"version-history":[{"count":2,"href":"https:\/\/www.cesigue.edu.mx\/guestalt\/wp-json\/wp\/v2\/pages\/558\/revisions"}],"predecessor-version":[{"id":1756,"href":"https:\/\/www.cesigue.edu.mx\/guestalt\/wp-json\/wp\/v2\/pages\/558\/revisions\/1756"}],"wp:attachment":[{"href":"https:\/\/www.cesigue.edu.mx\/guestalt\/wp-json\/wp\/v2\/media?parent=558"}],"curies":[{"name":"wp","href":"https:\/\/api.w.org\/{rel}","templated":true}]}}