{"id":3112,"date":"2023-08-04T00:32:53","date_gmt":"2023-08-04T00:32:53","guid":{"rendered":"https:\/\/www.cesigue.edu.mx\/guestalt\/?page_id=3112"},"modified":"2023-08-04T00:33:49","modified_gmt":"2023-08-04T00:33:49","slug":"politica-de-cancelacion","status":"publish","type":"page","link":"https:\/\/www.cesigue.edu.mx\/guestalt\/politica-de-cancelacion\/","title":{"rendered":"Pol\u00edtica de cancelaci\u00f3n"},"content":{"rendered":"<p>Si el participante desea <strong>cancelar su inscripci\u00f3n<\/strong> a alg\u00fan(os) programa(s), deber\u00e1 solicitarlo por escrito y se aplicar\u00e1n los siguientes criterios:<\/p>\n<p>1.- Para cancelaciones con 30 d\u00edas naturales de anticipaci\u00f3n al inicio del programa, se devolver\u00e1 el 100% de la cantidad pagada.<\/p>\n<p>2.- Para cancelaciones con 7 d\u00edas naturales de anticipaci\u00f3n al inicio del programa, se devolver\u00e1 el costo total menos un 25% de penalizaci\u00f3n.<\/p>\n<p>3.- Para cancelaciones notificadas en un lapso menor a 7 d\u00edas previos al inicio del programa, el participante podr\u00e1 trasladar su lugar sin derecho a devoluci\u00f3n.<\/p>\n<p>4.- Las devoluciones se aplicar\u00e1n por el mismo medio que se realiz\u00f3 el pago.<\/p>\n<p>5.- Las devoluciones provenientes de pagos en efectivo se realizar\u00e1n en las instalaciones de la Instituci\u00f3n.<\/p>\n<p>6.- Para las devoluciones en trasferencia deber\u00e1 presentar clave interbancaria, instituci\u00f3n bancaria y nombre completo<\/p>\n","protected":false},"excerpt":{"rendered":"<p>Si el participante desea cancelar su inscripci\u00f3n a alg\u00fan(os) programa(s), deber\u00e1 solicitarlo por escrito y se aplicar\u00e1n los siguientes criterios: 1.- Para cancelaciones con 30 d\u00edas naturales de anticipaci\u00f3n al [&hellip;]<\/p>\n","protected":false},"author":1,"featured_media":0,"parent":0,"menu_order":0,"comment_status":"closed","ping_status":"closed","template":"","meta":{"footnotes":""},"class_list":["post-3112","page","type-page","status-publish","hentry"],"aioseo_notices":[],"_links":{"self":[{"href":"https:\/\/www.cesigue.edu.mx\/guestalt\/wp-json\/wp\/v2\/pages\/3112","targetHints":{"allow":["GET"]}}],"collection":[{"href":"https:\/\/www.cesigue.edu.mx\/guestalt\/wp-json\/wp\/v2\/pages"}],"about":[{"href":"https:\/\/www.cesigue.edu.mx\/guestalt\/wp-json\/wp\/v2\/types\/page"}],"author":[{"embeddable":true,"href":"https:\/\/www.cesigue.edu.mx\/guestalt\/wp-json\/wp\/v2\/users\/1"}],"replies":[{"embeddable":true,"href":"https:\/\/www.cesigue.edu.mx\/guestalt\/wp-json\/wp\/v2\/comments?post=3112"}],"version-history":[{"count":2,"href":"https:\/\/www.cesigue.edu.mx\/guestalt\/wp-json\/wp\/v2\/pages\/3112\/revisions"}],"predecessor-version":[{"id":3114,"href":"https:\/\/www.cesigue.edu.mx\/guestalt\/wp-json\/wp\/v2\/pages\/3112\/revisions\/3114"}],"wp:attachment":[{"href":"https:\/\/www.cesigue.edu.mx\/guestalt\/wp-json\/wp\/v2\/media?parent=3112"}],"curies":[{"name":"wp","href":"https:\/\/api.w.org\/{rel}","templated":true}]}}