{"id":21,"date":"2020-12-08T03:53:12","date_gmt":"2020-12-08T03:53:12","guid":{"rendered":"https:\/\/gaviaspreview.com\/wp\/zilom\/?page_id=21"},"modified":"2021-12-03T01:42:03","modified_gmt":"2021-12-03T01:42:03","slug":"editorial-gestalt","status":"publish","type":"page","link":"https:\/\/www.cesigue.edu.mx\/guestalt\/editorial-gestalt\/","title":{"rendered":"Editorial Gestalt"},"content":{"rendered":"\t\t<div data-elementor-type=\"wp-page\" data-elementor-id=\"21\" class=\"elementor elementor-21\">\n\t\t\t\t\t\t\t\t\t<section class=\"elementor-section elementor-top-section elementor-element elementor-element-cfe9709 elementor-section-boxed elementor-section-height-default elementor-section-height-default row-top\" data-id=\"cfe9709\" data-element_type=\"section\">\n\t\t\t\t\t\t<div class=\"elementor-container elementor-column-gap-default\">\n\t\t\t\t\t<div class=\"elementor-column elementor-col-50 elementor-top-column elementor-element elementor-element-bdc7059 column-style-top\" data-id=\"bdc7059\" data-element_type=\"column\">\n\t\t\t<div class=\"elementor-widget-wrap elementor-element-populated\">\n\t\t\t\t\t\t\t\t<div class=\"elementor-element elementor-element-0c16406 elementor-widget elementor-widget-image\" data-id=\"0c16406\" data-element_type=\"widget\" data-widget_type=\"image.default\">\n\t\t\t\t<div class=\"elementor-widget-container\">\n\t\t\t<style>\/*! elementor - v3.16.0 - 14-09-2023 *\/\n.elementor-widget-image{text-align:center}.elementor-widget-image a{display:inline-block}.elementor-widget-image a img[src$=\".svg\"]{width:48px}.elementor-widget-image img{vertical-align:middle;display:inline-block}<\/style>\t\t\t\t\t\t\t\t\t\t\t\t<img loading=\"lazy\" decoding=\"async\" width=\"760\" height=\"395\" src=\"https:\/\/www.cesigue.edu.mx\/guestalt\/wp-content\/uploads\/2021\/12\/editorial1.jpg\" class=\"attachment-full size-full wp-image-2190\" alt=\"\" srcset=\"https:\/\/www.cesigue.edu.mx\/guestalt\/wp-content\/uploads\/2021\/12\/editorial1.jpg 760w, https:\/\/www.cesigue.edu.mx\/guestalt\/wp-content\/uploads\/2021\/12\/editorial1-600x312.jpg 600w\" sizes=\"auto, (max-width: 760px) 100vw, 760px\" \/>\t\t\t\t\t\t\t\t\t\t\t\t\t\t\t<\/div>\n\t\t\t\t<\/div>\n\t\t\t\t\t<\/div>\n\t\t<\/div>\n\t\t\t\t<div class=\"elementor-column elementor-col-50 elementor-top-column elementor-element elementor-element-b600727 column-style-top\" data-id=\"b600727\" data-element_type=\"column\">\n\t\t\t<div class=\"elementor-widget-wrap elementor-element-populated\">\n\t\t\t\t\t\t\t\t<div class=\"elementor-element elementor-element-79fb8c8 elementor-widget elementor-widget-image\" data-id=\"79fb8c8\" data-element_type=\"widget\" data-widget_type=\"image.default\">\n\t\t\t\t<div class=\"elementor-widget-container\">\n\t\t\t\t\t\t\t\t\t\t\t\t\t\t\t<img loading=\"lazy\" decoding=\"async\" width=\"760\" height=\"395\" src=\"https:\/\/www.cesigue.edu.mx\/guestalt\/wp-content\/uploads\/2021\/12\/editorial2.jpg\" class=\"attachment-full size-full wp-image-2192\" alt=\"\" srcset=\"https:\/\/www.cesigue.edu.mx\/guestalt\/wp-content\/uploads\/2021\/12\/editorial2.jpg 760w, https:\/\/www.cesigue.edu.mx\/guestalt\/wp-content\/uploads\/2021\/12\/editorial2-600x312.jpg 600w\" sizes=\"auto, (max-width: 760px) 100vw, 760px\" \/>\t\t\t\t\t\t\t\t\t\t\t\t\t\t\t<\/div>\n\t\t\t\t<\/div>\n\t\t\t\t\t<\/div>\n\t\t<\/div>\n\t\t\t\t\t\t\t<\/div>\n\t\t<\/section>\n\t\t\t\t<section class=\"elementor-section elementor-top-section elementor-element elementor-element-cd20180 elementor-section-boxed elementor-section-height-default elementor-section-height-default row-top\" data-id=\"cd20180\" data-element_type=\"section\">\n\t\t\t\t\t\t<div class=\"elementor-container elementor-column-gap-default\">\n\t\t\t\t\t<div class=\"elementor-column elementor-col-50 elementor-top-column elementor-element elementor-element-112e054 column-style-top\" data-id=\"112e054\" data-element_type=\"column\">\n\t\t\t<div class=\"elementor-widget-wrap elementor-element-populated\">\n\t\t\t\t\t\t\t\t<div class=\"elementor-element elementor-element-2ee190e elementor-widget elementor-widget-gva-heading-block\" data-id=\"2ee190e\" data-element_type=\"widget\" data-widget_type=\"gva-heading-block.default\">\n\t\t\t\t<div class=\"elementor-widget-container\">\n\t\t\t<div class=\"gva-element-gva-heading-block gva-element\">   <div class=\"align-left style-1 widget gsc-heading box-align-left auto-responsive\">\r\n      <div class=\"content-inner\">\r\n         \r\n                  \r\n                     <div class=\"sub-title\"><span>Editorial Gestalt<\/span><\/div>\r\n           \r\n         \r\n                     <h2 class=\"title\">\r\n               <span>Venta de libros <\/span>\r\n            <\/h2>\r\n                  \r\n         \r\n      <\/div>\r\n   <\/div>\r\n<\/div>\t\t<\/div>\n\t\t\t\t<\/div>\n\t\t\t\t\t<\/div>\n\t\t<\/div>\n\t\t\t\t<div class=\"elementor-column elementor-col-50 elementor-top-column elementor-element elementor-element-4be8df2 column-style-top\" data-id=\"4be8df2\" data-element_type=\"column\">\n\t\t\t<div class=\"elementor-widget-wrap elementor-element-populated\">\n\t\t\t\t\t\t\t\t<div class=\"elementor-element elementor-element-167196e elementor-widget elementor-widget-text-editor\" data-id=\"167196e\" data-element_type=\"widget\" data-widget_type=\"text-editor.default\">\n\t\t\t\t<div class=\"elementor-widget-container\">\n\t\t\t<style>\/*! elementor - v3.16.0 - 14-09-2023 *\/\n.elementor-widget-text-editor.elementor-drop-cap-view-stacked .elementor-drop-cap{background-color:#69727d;color:#fff}.elementor-widget-text-editor.elementor-drop-cap-view-framed .elementor-drop-cap{color:#69727d;border:3px solid;background-color:transparent}.elementor-widget-text-editor:not(.elementor-drop-cap-view-default) .elementor-drop-cap{margin-top:8px}.elementor-widget-text-editor:not(.elementor-drop-cap-view-default) .elementor-drop-cap-letter{width:1em;height:1em}.elementor-widget-text-editor .elementor-drop-cap{float:left;text-align:center;line-height:1;font-size:50px}.elementor-widget-text-editor .elementor-drop-cap-letter{display:inline-block}<\/style>\t\t\t\t<h5>Contamos con una extensa colecci\u00f3n de libros en Psicoterapia Gestalt. Encu\u00e9ntralas en las distintas plataformas y en el formato que m\u00e1s te guste.<\/h5>\t\t\t\t\t\t<\/div>\n\t\t\t\t<\/div>\n\t\t\t\t\t<\/div>\n\t\t<\/div>\n\t\t\t\t\t\t\t<\/div>\n\t\t<\/section>\n\t\t\t\t<section class=\"elementor-section elementor-top-section elementor-element elementor-element-5c73e72 elementor-section-boxed elementor-section-height-default elementor-section-height-default row-top\" data-id=\"5c73e72\" data-element_type=\"section\">\n\t\t\t\t\t\t<div class=\"elementor-container elementor-column-gap-default\">\n\t\t\t\t\t<div class=\"elementor-column elementor-col-100 elementor-top-column elementor-element elementor-element-0547bbd column-style-top\" data-id=\"0547bbd\" data-element_type=\"column\">\n\t\t\t<div class=\"elementor-widget-wrap elementor-element-populated\">\n\t\t\t\t\t\t\t\t<div class=\"elementor-element elementor-element-dbfb6f0 elementor-widget elementor-widget-image\" data-id=\"dbfb6f0\" data-element_type=\"widget\" data-widget_type=\"image.default\">\n\t\t\t\t<div class=\"elementor-widget-container\">\n\t\t\t\t\t\t\t\t\t\t\t\t\t\t\t<img loading=\"lazy\" decoding=\"async\" width=\"1200\" height=\"2100\" src=\"https:\/\/www.cesigue.edu.mx\/guestalt\/wp-content\/uploads\/2021\/11\/collage_libros_19.png\" class=\"attachment-full size-full wp-image-1793\" alt=\"\" srcset=\"https:\/\/www.cesigue.edu.mx\/guestalt\/wp-content\/uploads\/2021\/11\/collage_libros_19.png 1200w, https:\/\/www.cesigue.edu.mx\/guestalt\/wp-content\/uploads\/2021\/11\/collage_libros_19-585x1024.png 585w, https:\/\/www.cesigue.edu.mx\/guestalt\/wp-content\/uploads\/2021\/11\/collage_libros_19-768x1344.png 768w, https:\/\/www.cesigue.edu.mx\/guestalt\/wp-content\/uploads\/2021\/11\/collage_libros_19-600x1050.png 600w\" sizes=\"auto, (max-width: 1200px) 100vw, 1200px\" \/>\t\t\t\t\t\t\t\t\t\t\t\t\t\t\t<\/div>\n\t\t\t\t<\/div>\n\t\t\t\t<div class=\"elementor-element elementor-element-5c7318e elementor-widget elementor-widget-gva-heading-block\" data-id=\"5c7318e\" data-element_type=\"widget\" data-widget_type=\"gva-heading-block.default\">\n\t\t\t\t<div class=\"elementor-widget-container\">\n\t\t\t<div class=\"gva-element-gva-heading-block gva-element\">   <div class=\"align-center style-2 widget gsc-heading box-align-left auto-responsive\">\r\n      <div class=\"content-inner\">\r\n         \r\n                  \r\n           \r\n         \r\n                     <h2 class=\"title\">\r\n               <span>En donde nos encuentras<\/span>\r\n            <\/h2>\r\n                  \r\n         \r\n      <\/div>\r\n   <\/div>\r\n<\/div>\t\t<\/div>\n\t\t\t\t<\/div>\n\t\t\t\t\t<\/div>\n\t\t<\/div>\n\t\t\t\t\t\t\t<\/div>\n\t\t<\/section>\n\t\t\t\t<section class=\"elementor-section elementor-top-section elementor-element elementor-element-0f3a8e4 elementor-section-boxed elementor-section-height-default elementor-section-height-default row-top\" data-id=\"0f3a8e4\" data-element_type=\"section\" data-settings=\"{&quot;background_background&quot;:&quot;classic&quot;}\">\n\t\t\t\t\t\t<div class=\"elementor-container elementor-column-gap-default\">\n\t\t\t\t\t<div class=\"elementor-column elementor-col-33 elementor-top-column elementor-element elementor-element-0b55f42 column-style-top\" data-id=\"0b55f42\" data-element_type=\"column\">\n\t\t\t<div class=\"elementor-widget-wrap elementor-element-populated\">\n\t\t\t\t\t\t\t\t<div class=\"elementor-element elementor-element-198832d elementor-widget elementor-widget-gva-image-content\" data-id=\"198832d\" data-element_type=\"widget\" data-widget_type=\"gva-image-content.default\">\n\t\t\t\t<div class=\"elementor-widget-container\">\n\t\t\t<div class=\"gva-element-gva-image-content gva-element\">\t\t\r\n\t  \r\n\t \r\n\t  \r\n\r\n\t\r\n \r\n\r\n  \r\n\r\n \r\n\r\n  <div class=\"clearfix gsc-image-content skin-v7\">\r\n\t \t\t<div class=\"image\">\r\n\t\t\t \t\t  <a href=\"https:\/\/www.amazon.com\/s?k=Norman+Shub&amp;i=stripbooks-intl-ship&amp;ref=nb_sb_noss\" target=\"_blank\">\r\n\t\t\t <img loading=\"lazy\" decoding=\"async\" width=\"600\" height=\"218\" src=\"https:\/\/www.cesigue.edu.mx\/guestalt\/wp-content\/uploads\/2021\/11\/amazon.jpg\" class=\"attachment-medium size-medium wp-image-1789\" alt=\"\" \/>\t\t  <\/a>\r\n\t\t  \t\t<\/div>\r\n\t \t <div class=\"box-content\">\r\n\t\t\t\t\t<h2 class=\"title\">\r\n\t\t\t\t\t\t  <a href=\"https:\/\/www.amazon.com\/s?k=Norman+Shub&amp;i=stripbooks-intl-ship&amp;ref=nb_sb_noss\" target=\"_blank\">\r\n\t\t\t Versi\u00f3n pasta blanda\t\t  <\/a>\r\n\t\t  \t\t\t<\/h2>\r\n\t\t\t\t<div class=\"desc\"><\/div>\r\n\t\t\t\t  <div class=\"read-more\">\r\n\t\t\t \t\t  <a href=\"https:\/\/www.amazon.com\/s?k=Norman+Shub&amp;i=stripbooks-intl-ship&amp;ref=nb_sb_noss\" class=\"btn-inline\" target=\"_blank\">\r\n\t\t\t <span>Ir a tienda<\/span>\t\t  <\/a>\r\n\t\t  \t\t  <\/div>\r\n\t\t\t <\/div>  \r\n  <\/div>\r\n <\/div>\t\t<\/div>\n\t\t\t\t<\/div>\n\t\t\t\t\t<\/div>\n\t\t<\/div>\n\t\t\t\t<div class=\"elementor-column elementor-col-33 elementor-top-column elementor-element elementor-element-fcdd03f column-style-top\" data-id=\"fcdd03f\" data-element_type=\"column\">\n\t\t\t<div class=\"elementor-widget-wrap elementor-element-populated\">\n\t\t\t\t\t\t\t\t<div class=\"elementor-element elementor-element-3d769f5 elementor-widget elementor-widget-gva-image-content\" data-id=\"3d769f5\" data-element_type=\"widget\" data-widget_type=\"gva-image-content.default\">\n\t\t\t\t<div class=\"elementor-widget-container\">\n\t\t\t<div class=\"gva-element-gva-image-content gva-element\">\t\t\r\n\t  \r\n\t \r\n\t  \r\n\r\n\t\r\n \r\n\r\n  \r\n\r\n \r\n\r\n  <div class=\"clearfix gsc-image-content skin-v7\">\r\n\t \t\t<div class=\"image\">\r\n\t\t\t \t\t  <a href=\"https:\/\/listado.mercadolibre.com.mx\/_CustId_335799187\" target=\"_blank\">\r\n\t\t\t <img decoding=\"async\" src=\"https:\/\/www.cesigue.edu.mx\/guestalt\/wp-content\/uploads\/elementor\/thumbs\/MercadoLibre-pgzcw9kqe4jjips6ze8tem9epdjgnmfsdogjpvb3tk.png\" title=\"MercadoLibre\" alt=\"MercadoLibre\" loading=\"lazy\" \/>\t\t  <\/a>\r\n\t\t  \t\t<\/div>\r\n\t \t <div class=\"box-content\">\r\n\t\t\t\t\t<h2 class=\"title\">\r\n\t\t\t\t\t\t  <a href=\"https:\/\/listado.mercadolibre.com.mx\/_CustId_335799187\" target=\"_blank\">\r\n\t\t\t Versi\u00f3n Impresa\t\t  <\/a>\r\n\t\t  \t\t\t<\/h2>\r\n\t\t\t\t<div class=\"desc\"><\/div>\r\n\t\t\t\t  <div class=\"read-more\">\r\n\t\t\t \t\t  <a href=\"https:\/\/listado.mercadolibre.com.mx\/_CustId_335799187\" class=\"btn-inline\" target=\"_blank\">\r\n\t\t\t <span>Ir a la tienda<\/span>\t\t  <\/a>\r\n\t\t  \t\t  <\/div>\r\n\t\t\t <\/div>  \r\n  <\/div>\r\n <\/div>\t\t<\/div>\n\t\t\t\t<\/div>\n\t\t\t\t\t<\/div>\n\t\t<\/div>\n\t\t\t\t<div class=\"elementor-column elementor-col-33 elementor-top-column elementor-element elementor-element-8e0d6cf column-style-top\" data-id=\"8e0d6cf\" data-element_type=\"column\">\n\t\t\t<div class=\"elementor-widget-wrap elementor-element-populated\">\n\t\t\t\t\t\t\t\t<div class=\"elementor-element elementor-element-b290719 elementor-widget elementor-widget-gva-image-content\" data-id=\"b290719\" data-element_type=\"widget\" data-widget_type=\"gva-image-content.default\">\n\t\t\t\t<div class=\"elementor-widget-container\">\n\t\t\t<div class=\"gva-element-gva-image-content gva-element\">\t\t\r\n\t  \r\n\t \r\n\t  \r\n\r\n\t\r\n \r\n\r\n  \r\n\r\n \r\n\r\n  <div class=\"clearfix gsc-image-content skin-v7\">\r\n\t \t\t<div class=\"image\">\r\n\t\t\t \t\t  <a href=\"https:\/\/www.amazon.com.mx\/s?k=Norman+Shub&amp;i=stripbooks&amp;rh=p_36%3A9590953011&amp;dc&amp;__mk_es_MX=%C3%85M%C3%85%C5%BD%C3%95%C3%91&amp;qid=1551233513&amp;rnid=9590949011&amp;ref=sr_nr_p_36_1\" target=\"_blank\">\r\n\t\t\t <img decoding=\"async\" src=\"https:\/\/www.cesigue.edu.mx\/guestalt\/wp-content\/uploads\/elementor\/thumbs\/Boto\u0301n-Kindle-pgzcw9kq5csdafmaytt2otnqkodz6g6vq0n2w6innk.png\" title=\"Boto\u0301n-Kindle\" alt=\"Boto\u0301n-Kindle\" loading=\"lazy\" \/>\t\t  <\/a>\r\n\t\t  \t\t<\/div>\r\n\t \t <div class=\"box-content\">\r\n\t\t\t\t\t<h2 class=\"title\">\r\n\t\t\t\t\t\t  <a href=\"https:\/\/www.amazon.com.mx\/s?k=Norman+Shub&amp;i=stripbooks&amp;rh=p_36%3A9590953011&amp;dc&amp;__mk_es_MX=%C3%85M%C3%85%C5%BD%C3%95%C3%91&amp;qid=1551233513&amp;rnid=9590949011&amp;ref=sr_nr_p_36_1\" target=\"_blank\">\r\n\t\t\t Versi\u00f3n Kindle\t\t  <\/a>\r\n\t\t  \t\t\t<\/h2>\r\n\t\t\t\t<div class=\"desc\"><\/div>\r\n\t\t\t\t  <div class=\"read-more\">\r\n\t\t\t \t\t  <a href=\"https:\/\/www.amazon.com.mx\/s?k=Norman+Shub&amp;i=stripbooks&amp;rh=p_36%3A9590953011&amp;dc&amp;__mk_es_MX=%C3%85M%C3%85%C5%BD%C3%95%C3%91&amp;qid=1551233513&amp;rnid=9590949011&amp;ref=sr_nr_p_36_1\" class=\"btn-inline\" target=\"_blank\">\r\n\t\t\t <span>Ir a la tienda<\/span>\t\t  <\/a>\r\n\t\t  \t\t  <\/div>\r\n\t\t\t <\/div>  \r\n  <\/div>\r\n <\/div>\t\t<\/div>\n\t\t\t\t<\/div>\n\t\t\t\t\t<\/div>\n\t\t<\/div>\n\t\t\t\t\t\t\t<\/div>\n\t\t<\/section>\n\t\t\t\t<section class=\"elementor-section elementor-top-section elementor-element elementor-element-073d115 elementor-section-boxed elementor-section-height-default elementor-section-height-default row-top\" data-id=\"073d115\" data-element_type=\"section\">\n\t\t\t\t\t\t<div class=\"elementor-container elementor-column-gap-default\">\n\t\t\t\t\t<div class=\"elementor-column elementor-col-100 elementor-top-column elementor-element elementor-element-d7d3b7a column-style-top\" data-id=\"d7d3b7a\" data-element_type=\"column\">\n\t\t\t<div class=\"elementor-widget-wrap\">\n\t\t\t\t\t\t\t\t\t<\/div>\n\t\t<\/div>\n\t\t\t\t\t\t\t<\/div>\n\t\t<\/section>\n\t\t\t\t\t\t\t<\/div>\n\t\t","protected":false},"excerpt":{"rendered":"<p>Editorial Gestalt Venta de libros Contamos con una extensa colecci\u00f3n de libros en Psicoterapia Gestalt. Encu\u00e9ntralas en las distintas plataformas y en el formato que m\u00e1s te guste. En donde [&hellip;]<\/p>\n","protected":false},"author":1,"featured_media":0,"parent":0,"menu_order":0,"comment_status":"closed","ping_status":"closed","template":"","meta":{"footnotes":""},"class_list":["post-21","page","type-page","status-publish","hentry"],"aioseo_notices":[],"_links":{"self":[{"href":"https:\/\/www.cesigue.edu.mx\/guestalt\/wp-json\/wp\/v2\/pages\/21","targetHints":{"allow":["GET"]}}],"collection":[{"href":"https:\/\/www.cesigue.edu.mx\/guestalt\/wp-json\/wp\/v2\/pages"}],"about":[{"href":"https:\/\/www.cesigue.edu.mx\/guestalt\/wp-json\/wp\/v2\/types\/page"}],"author":[{"embeddable":true,"href":"https:\/\/www.cesigue.edu.mx\/guestalt\/wp-json\/wp\/v2\/users\/1"}],"replies":[{"embeddable":true,"href":"https:\/\/www.cesigue.edu.mx\/guestalt\/wp-json\/wp\/v2\/comments?post=21"}],"version-history":[{"count":16,"href":"https:\/\/www.cesigue.edu.mx\/guestalt\/wp-json\/wp\/v2\/pages\/21\/revisions"}],"predecessor-version":[{"id":2195,"href":"https:\/\/www.cesigue.edu.mx\/guestalt\/wp-json\/wp\/v2\/pages\/21\/revisions\/2195"}],"wp:attachment":[{"href":"https:\/\/www.cesigue.edu.mx\/guestalt\/wp-json\/wp\/v2\/media?parent=21"}],"curies":[{"name":"wp","href":"https:\/\/api.w.org\/{rel}","templated":true}]}}